{"id":1377,"date":"2025-09-11T14:18:42","date_gmt":"2025-09-11T12:18:42","guid":{"rendered":"https:\/\/olja.blueline.media\/?page_id=1377"},"modified":"2025-09-20T18:14:05","modified_gmt":"2025-09-20T16:14:05","slug":"unterstuetzung-in-krisen-und-belastungssituationen","status":"publish","type":"page","link":"https:\/\/olja.blueline.media\/sr\/angebot\/unterstuetzung-in-krisen-und-belastungssituationen\/","title":{"rendered":"Podr\u0161ka u kriznim i te\u0161kim \u017eivotnim situacijama"},"content":{"rendered":"","protected":false},"excerpt":{"rendered":"","protected":false},"author":1,"featured_media":0,"parent":71,"menu_order":6,"comment_status":"closed","ping_status":"closed","template":"","meta":{"_acf_changed":false,"_seopress_robots_primary_cat":"","_seopress_titles_title":"","_seopress_titles_desc":"","_seopress_robots_index":"","footnotes":""},"class_list":["post-1377","page","type-page","status-publish","hentry"],"acf":[],"_links":{"self":[{"href":"https:\/\/olja.blueline.media\/sr\/wp-json\/wp\/v2\/pages\/1377","targetHints":{"allow":["GET"]}}],"collection":[{"href":"https:\/\/olja.blueline.media\/sr\/wp-json\/wp\/v2\/pages"}],"about":[{"href":"https:\/\/olja.blueline.media\/sr\/wp-json\/wp\/v2\/types\/page"}],"author":[{"embeddable":true,"href":"https:\/\/olja.blueline.media\/sr\/wp-json\/wp\/v2\/users\/1"}],"replies":[{"embeddable":true,"href":"https:\/\/olja.blueline.media\/sr\/wp-json\/wp\/v2\/comments?post=1377"}],"version-history":[{"count":3,"href":"https:\/\/olja.blueline.media\/sr\/wp-json\/wp\/v2\/pages\/1377\/revisions"}],"predecessor-version":[{"id":1849,"href":"https:\/\/olja.blueline.media\/sr\/wp-json\/wp\/v2\/pages\/1377\/revisions\/1849"}],"up":[{"embeddable":true,"href":"https:\/\/olja.blueline.media\/sr\/wp-json\/wp\/v2\/pages\/71"}],"wp:attachment":[{"href":"https:\/\/olja.blueline.media\/sr\/wp-json\/wp\/v2\/media?parent=1377"}],"curies":[{"name":"wp","href":"https:\/\/api.w.org\/{rel}","templated":true}]}}